{"id":31,"date":"2021-01-26T16:45:45","date_gmt":"2021-01-26T15:45:45","guid":{"rendered":"http:\/\/issgroupfrance.com\/formationenligne\/index.php\/register\/"},"modified":"2021-03-08T08:41:15","modified_gmt":"2021-03-08T07:41:15","slug":"register","status":"publish","type":"page","link":"https:\/\/issgroupfrance.com\/formationenligne\/register\/","title":{"rendered":"Inscription"},"content":{"rendered":"\n<div class=\"um um-register um-24\">\n\t<div class=\"um-form\" data-mode=\"register\">\n\t\t<form method=\"post\" action=\"\">\n\t\t\t<div class=\"um-row _um_row_1 \" style=\"margin: 0 0 30px 0;\"><div class=\"um-col-1\"><div  id=\"um_field_24_first_name\" class=\"um-field um-field-text  um-field-first_name um-field-text um-field-type_text\" data-key=\"first_name\"><div class=\"um-field-label\"><label for=\"first_name-24\">Nom (obligatoire)<\/label><div class=\"um-clear\"><\/div><\/div><div class=\"um-field-area\"><input  autocomplete=\"off\" class=\"um-form-field valid \" type=\"text\" name=\"first_name-24\" id=\"first_name-24\" value=\"\" placeholder=\"\" data-validate=\"\" data-key=\"first_name\"  aria-invalid=\"false\" \/>\n\n\t\t\t\t\t\t<\/div><\/div><div  id=\"um_field_24_last_name\" class=\"um-field um-field-text  um-field-last_name um-field-text um-field-type_text\" data-key=\"last_name\"><div class=\"um-field-label\"><label for=\"last_name-24\">Pr\u00e9nom (obligatoire)<\/label><div class=\"um-clear\"><\/div><\/div><div class=\"um-field-area\"><input  autocomplete=\"off\" class=\"um-form-field valid \" type=\"text\" name=\"last_name-24\" id=\"last_name-24\" value=\"\" placeholder=\"\" data-validate=\"\" data-key=\"last_name\"  aria-invalid=\"false\" \/>\n\n\t\t\t\t\t\t<\/div><\/div><div  id=\"um_field_24_specialite\" class=\"um-field um-field-text  um-field-specialite um-field-text um-field-type_text\" data-key=\"specialite\"><div class=\"um-field-label\"><label for=\"specialite-24\">Votre Sp\u00e9cialit\u00e9 (obligatoire) <\/label><div class=\"um-clear\"><\/div><\/div><div class=\"um-field-area\"><input  autocomplete=\"off\" class=\"um-form-field valid \" type=\"text\" name=\"specialite-24\" id=\"specialite-24\" value=\"\" placeholder=\"\" data-validate=\"\" data-key=\"specialite\"  aria-invalid=\"false\" \/>\n\n\t\t\t\t\t\t<\/div><\/div><div  id=\"um_field_24_mobile_number\" class=\"um-field um-field-tel  um-field-mobile_number um-field-tel um-field-type_tel\" data-key=\"mobile_number\"><div class=\"um-field-label\"><div class=\"um-field-label-icon\"><i class=\"um-faicon-mobile\" aria-label=\"Num\u00e9ro de mobile (obligatoire)\"><\/i><\/div><label for=\"mobile_number-24\">Num\u00e9ro de mobile (obligatoire)<\/label><div class=\"um-clear\"><\/div><\/div><div class=\"um-field-area\"><input  autocomplete=\"off\" class=\"um-form-field valid \" type=\"tel\" name=\"mobile_number-24\" id=\"mobile_number-24\" value=\"\" placeholder=\"\" data-validate=\"phone_number\" data-key=\"mobile_number\"  aria-invalid=\"false\" \/>\n\n\t\t\t\t\t\t<\/div><\/div><div  id=\"um_field_24_adresse\" class=\"um-field um-field-textarea  um-field-adresse um-field-textarea um-field-type_textarea\" data-key=\"adresse\"><div class=\"um-field-label\"><label for=\"adresse-24\">votre adresse (adresse compl\u00e8te obligatoire) <\/label><div class=\"um-clear\"><\/div><\/div><div class=\"um-field-area\"><textarea    style=\"height: 100px;\" class=\"um-form-field valid \" name=\"adresse\" id=\"adresse\" placeholder=\"\"  aria-invalid=\"false\" ><\/textarea><\/div><\/div><div  id=\"um_field_24_ville\" class=\"um-field um-field-text  um-field-ville um-field-text um-field-type_text\" data-key=\"ville\"><div class=\"um-field-label\"><label for=\"ville-24\">Votre Ville (obligatoire)<\/label><div class=\"um-clear\"><\/div><\/div><div class=\"um-field-area\"><input  autocomplete=\"off\" class=\"um-form-field valid \" type=\"text\" name=\"ville-24\" id=\"ville-24\" value=\"\" placeholder=\"\" data-validate=\"\" data-key=\"ville\"  aria-invalid=\"false\" \/>\n\n\t\t\t\t\t\t<\/div><\/div><div  id=\"um_field_24_pays\" class=\"um-field um-field-text  um-field-pays um-field-text um-field-type_text\" data-key=\"pays\"><div class=\"um-field-label\"><label for=\"pays-24\">Votre Pays (obligatoire)<\/label><div class=\"um-clear\"><\/div><\/div><div class=\"um-field-area\"><input  autocomplete=\"off\" class=\"um-form-field valid \" type=\"text\" name=\"pays-24\" id=\"pays-24\" value=\"\" placeholder=\"\" data-validate=\"\" data-key=\"pays\"  aria-invalid=\"false\" \/>\n\n\t\t\t\t\t\t<\/div><\/div><div  id=\"um_field_24_role_select\" class=\"um-field um-field-select  um-field-role_select um-field-select um-field-type_select\" data-key=\"role_select\"><div class=\"um-field-label\"><label for=\"role_select-24\">Formation choisie (obligatoire)<\/label><div class=\"um-clear\"><\/div><\/div><div class=\"um-field-area  \"><select data-default=\"\"     name=\"role\" id=\"role\" data-validate=\"\" data-key=\"role_select\" class=\"um-form-field valid um-s1 \" style=\"width: 100%\" data-placeholder=\"Choisir une formation\"   aria-invalid=\"false\" ><option value=\"\"><\/option><option value=\"um_custom_role_1\" >Cardiologie ( ECG - MAPA - HTA)<\/option><option value=\"um_echographie-pediatrique\" >Echographie p\u00e9diatrique<\/option><option value=\"um_pediatrie-generale\" >P\u00e9diatrie g\u00e9n\u00e9rale<\/option><option value=\"um_echographie-vasculaire\" >Echographie Vasculaire<\/option><option value=\"um_gyneco-obstetrique-clinique\" >Gyn\u00e9co obst\u00e9trique Clinique<\/option><option value=\"um_echographie-osteo-articulaire\" >Echographie Ost\u00e9o-articulaire<\/option><option value=\"um_echographie-cardiaque\" >Echographie Cardiaque<\/option><option value=\"um_endocrinologie\" >Endocrinologie<\/option><option value=\"um_diabetologie\" >Diab\u00e9tologie<\/option><option value=\"um_rhumatologie\" >Rhumatologie<\/option><option value=\"um_echographie-generale\" >Echographie g\u00e9n\u00e9rale<\/option><option value=\"um_geriatrie\" >G\u00e9riatrie<\/option><option value=\"um_dermatologie\" >Dermatologie<\/option><option value=\"um_allergologie\" >Allergologie<\/option><\/select><\/div><\/div><div  id=\"um_field_24_formations_ajoutees\" class=\"um-field um-field-multiselect  um-field-formations_ajoutees um-field-multiselect um-field-type_multiselect\" data-key=\"formations_ajoutees\"><div class=\"um-field-label\"><label for=\"formations_ajoutees-24\">Si vous souhaitez ajouter d&#039;autres formations (facultatif)<\/label><div class=\"um-clear\"><\/div><\/div><div class=\"um-field-area  \"><select   multiple=\"multiple\" name=\"formations_ajoutees[]\" id=\"formations_ajoutees\" data-maxsize=\"0\" data-validate=\"\" data-key=\"formations_ajoutees\" class=\"um-form-field valid not-required um-s1 \" style=\"width: 100%\" data-placeholder=\"Choisir d&#039;autres formations\"  aria-invalid=\"false\" ><option value=\"\"><\/option><option value=\"Cardiologie ( ECG - MAPA - HTA )\" >Cardiologie ( ECG - MAPA - HTA )<\/option><option value=\"Echographie p\u00e9diatrique\" >Echographie p\u00e9diatrique<\/option><option value=\"P\u00e9diatrie g\u00e9n\u00e9rale\" >P\u00e9diatrie g\u00e9n\u00e9rale<\/option><option value=\"Echographie Vasculaire\" >Echographie Vasculaire<\/option><option value=\"Gyn\u00e9co obst\u00e9trique Clinique\" >Gyn\u00e9co obst\u00e9trique Clinique<\/option><option value=\"Echographie ost\u00e9o\" >Echographie ost\u00e9o<\/option><option value=\"Echographie cardiaque\" >Echographie cardiaque<\/option><option value=\"Endocrinologie\" >Endocrinologie<\/option><option value=\"Diab\u00e9tologie\" >Diab\u00e9tologie<\/option><option value=\"Rhumatologie\" >Rhumatologie<\/option><option value=\"Echographie g\u00e9n\u00e9rale\" >Echographie g\u00e9n\u00e9rale<\/option><option value=\"G\u00e9riatrie\" >G\u00e9riatrie<\/option><option value=\"Dermatologie\" >Dermatologie<\/option><option value=\"Allergologie\" >Allergologie<\/option><\/select><\/div><\/div><div  id=\"um_field_24_user_login\" class=\"um-field um-field-text  um-field-user_login um-field-text um-field-type_text\" data-key=\"user_login\"><div class=\"um-field-label\"><label for=\"user_login-24\">cr\u00e9er votre Username (obligatoire)<\/label><div class=\"um-clear\"><\/div><\/div><div class=\"um-field-area\"><input  autocomplete=\"off\" class=\"um-form-field valid \" type=\"text\" name=\"user_login-24\" id=\"user_login-24\" value=\"\" placeholder=\"\" data-validate=\"unique_username\" data-key=\"user_login\"  aria-invalid=\"false\" \/>\n\n\t\t\t\t\t\t<\/div><\/div><div  id=\"um_field_24_user_email\" class=\"um-field um-field-text  um-field-user_email um-field-text um-field-type_text\" data-key=\"user_email\"><div class=\"um-field-label\"><label for=\"user_email-24\">Votre E-mail  (obligatoire)<\/label><div class=\"um-clear\"><\/div><\/div><div class=\"um-field-area\"><input  autocomplete=\"off\" class=\"um-form-field valid \" type=\"text\" name=\"user_email-24\" id=\"user_email-24\" value=\"\" placeholder=\"\" data-validate=\"unique_email\" data-key=\"user_email\"  aria-invalid=\"false\" \/>\n\n\t\t\t\t\t\t<\/div><\/div><div  id=\"um_field_24_user_password\" class=\"um-field um-field-password  um-field-user_password um-field-password um-field-type_password\" data-key=\"user_password\"><div class=\"um-field-label\"><label for=\"user_password-24\">mot de passe (obligatoire)<\/label><div class=\"um-clear\"><\/div><\/div><div class=\"um-field-area\"><input class=\"um-form-field valid \" type=\"password\" name=\"user_password-24\" id=\"user_password-24\" value=\"\" placeholder=\"\" data-validate=\"\" data-key=\"user_password\"  aria-invalid=\"false\" \/>\n\n\t\t\t\t\t\t\t<\/div><\/div><div  id=\"um_field_24_confirm_user_password\" class=\"um-field um-field-password  um-field-user_password um-field-password um-field-type_password\" data-key=\"confirm_user_password\"><div class=\"um-field-label\"><label for=\"confirm_user_password-24\">Confirmer le mot de passe (obligatoire)<\/label><div class=\"um-clear\"><\/div><\/div><div class=\"um-field-area\"><input class=\"um-form-field valid \" type=\"password\" name=\"confirm_user_password-24\" id=\"confirm_user_password-24\" value=\"\" placeholder=\"Confirmer le mot de passe (obligatoire)\" data-validate=\"\" data-key=\"confirm_user_password\"  aria-invalid=\"false\" \/><\/div><\/div><\/div><\/div>\n<!-- This file should primarily consist of HTML with a little bit of PHP. -->\n<div class=\"um-field um-field-type_terms_conditions\" data-key=\"use_terms_conditions_agreement\" style=\"display:block;padding:0;\">\n\t<div class=\"um-field-area\">\n\t\t<div class=\"um-gdpr-content\" style=\"display:none;\">\n\t\t\t<p><strong>IMPORTANT <\/strong><\/p>\n<p><strong>Conditions d\u2019utilisations<\/strong><\/p>\n<p>Les Formations en ligne propos\u00e9es, sont une compilation de cours choisis pour leur int\u00e9r\u00eat pratique dans l\u2019exercice quotidien des praticiens, elles appartiennent, soit \u00e0 <strong>ISSGroupFrance<\/strong>, soit \u00e0 des auteurs ind\u00e9pendants et ou Institutions identifi\u00e9s par leur propre pr\u00e9sentation dans chacune des \u0153uvres, aussi pr\u00e9sentent sur la plateforme <strong>ISSGroupFrance<\/strong><\/p>\n<p>\u00a0<\/p>\n<p>Des formations vid\u00e9os et ou iconographiques en libre acc\u00e8s sur internet sont aussi pr\u00e9sentent sur la plateforme en ligne <strong>ISSGroupFrance<\/strong><\/p>\n<p>Cet enseignement en ligne mis \u00e0 disposition par <strong>ISSGroupFrance<\/strong> ne peut se substituer aux formations en pr\u00e9sentiel qui vous sont aussi propos\u00e9es<\/p>\n<p>La qualit\u00e9 et les conditions pour visionner les cours en ligne d\u00e9pendent de votre qualit\u00e9 de connexion internet et du choix de votre lecteur multim\u00e9dias.<\/p>\n\t\t<\/div>\n\t\t<a href=\"javascript:void(0);\" class=\"um-toggle-gdpr\" data-toggle-state=\"hidden\"\n\t\t\tdata-toggle-show=\"Afficher les Conditions d\u2019utilisation\"\n\t\t\tdata-toggle-hide=\"Masquer les Conditions d\u2019utilisation\">\n\t\t\tAfficher les Conditions d\u2019utilisation\t\t<\/a>\n\t<\/div>\n\t<div class=\"um-field-area\">\n\t\t<label class=\"um-field-checkbox\">\n\t\t\t<input type=\"checkbox\" name=\"use_gdpr_agreement\" value=\"1\">\n\t\t\t<span class=\"um-field-checkbox-state\"><i class=\"um-icon-android-checkbox-outline-blank\"><\/i><\/span>\n\t\t\t<span class=\"um-field-checkbox-option\">Veuillez confirmer que vous acceptez les Conditions d\u2019utilisation<\/span>\n\t\t<\/label>\n\t\t<div class=\"um-clear\"><\/div>\n\t\t\t\t<div class=\"um-clear\"><\/div>\n\t<\/div>\n<\/div>\n\t<input type=\"hidden\" name=\"form_id\" id=\"form_id_24\" value=\"24\" \/>\n\t\t<p class=\"um_request_name\">\n\t\t<label for=\"um_request_24\">Only fill in if you are not human<\/label>\n\t\t<input type=\"hidden\" name=\"um_request\" id=\"um_request_24\" class=\"input\" value=\"\" size=\"25\" autocomplete=\"off\" \/>\n\t<\/p>\n\t<input type=\"hidden\" id=\"_wpnonce\" name=\"_wpnonce\" value=\"a3acc2d1ee\" \/><input type=\"hidden\" name=\"_wp_http_referer\" value=\"\/formationenligne\/wp-json\/wp\/v2\/pages\/31\" \/>\n<div class=\"g-recaptcha\" id=\"um-24\" data-mode=\"register\"><\/div>\n\n\n\t<div class=\"um-col-alt\">\n\n\t\t\n\t\t\t<div class=\"um-center\">\n\t\t\t\t<input type=\"submit\" value=\"Envoyer\" class=\"um-button\" id=\"um-submit-btn\" \/>\n\t\t\t<\/div>\n\n\t\t\n\t\t<div class=\"um-clear\"><\/div>\n\n\t<\/div>\n\n\t\t\t<\/form>\n\t<\/div>\n<\/div>\n<style>\n\t\t\t.um-24.um {\n\t\t\tmax-width: 450px;\n\t\t}\n\t\t<\/style>\n\n","protected":false},"excerpt":{"rendered":"","protected":false},"author":1,"featured_media":0,"parent":0,"menu_order":0,"comment_status":"closed","ping_status":"closed","template":"","meta":{"ocean_post_layout":"full-width","ocean_both_sidebars_style":"","ocean_both_sidebars_content_width":0,"ocean_both_sidebars_sidebars_width":0,"ocean_sidebar":"0","ocean_second_sidebar":"0","ocean_disable_margins":"enable","ocean_add_body_class":"","ocean_shortcode_before_top_bar":"","ocean_shortcode_after_top_bar":"","ocean_shortcode_before_header":"","ocean_shortcode_after_header":"","ocean_has_shortcode":"","ocean_shortcode_after_title":"","ocean_shortcode_before_footer_widgets":"","ocean_shortcode_after_footer_widgets":"","ocean_shortcode_before_footer_bottom":"","ocean_shortcode_after_footer_bottom":"","ocean_display_top_bar":"default","ocean_display_header":"default","ocean_header_style":"","ocean_center_header_left_menu":"0","ocean_custom_header_template":"0","ocean_custom_logo":0,"ocean_custom_retina_logo":0,"ocean_custom_logo_max_width":0,"ocean_custom_logo_tablet_max_width":0,"ocean_custom_logo_mobile_max_width":0,"ocean_custom_logo_max_height":0,"ocean_custom_logo_tablet_max_height":0,"ocean_custom_logo_mobile_max_height":0,"ocean_header_custom_menu":"0","ocean_menu_typo_font_family":"0","ocean_menu_typo_font_subset":"","ocean_menu_typo_font_size":0,"ocean_menu_typo_font_size_tablet":0,"ocean_menu_typo_font_size_mobile":0,"ocean_menu_typo_font_size_unit":"px","ocean_menu_typo_font_weight":"","ocean_menu_typo_font_weight_tablet":"","ocean_menu_typo_font_weight_mobile":"","ocean_menu_typo_transform":"","ocean_menu_typo_transform_tablet":"","ocean_menu_typo_transform_mobile":"","ocean_menu_typo_line_height":0,"ocean_menu_typo_line_height_tablet":0,"ocean_menu_typo_line_height_mobile":0,"ocean_menu_typo_line_height_unit":"","ocean_menu_typo_spacing":0,"ocean_menu_typo_spacing_tablet":0,"ocean_menu_typo_spacing_mobile":0,"ocean_menu_typo_spacing_unit":"","ocean_menu_link_color":"","ocean_menu_link_color_hover":"","ocean_menu_link_color_active":"","ocean_menu_link_background":"","ocean_menu_link_hover_background":"","ocean_menu_link_active_background":"","ocean_menu_social_links_bg":"","ocean_menu_social_hover_links_bg":"","ocean_menu_social_links_color":"","ocean_menu_social_hover_links_color":"","ocean_disable_title":"on","ocean_disable_heading":"default","ocean_post_title":"","ocean_post_subheading":"","ocean_post_title_style":"","ocean_post_title_background_color":"","ocean_post_title_background":0,"ocean_post_title_bg_image_position":"","ocean_post_title_bg_image_attachment":"","ocean_post_title_bg_image_repeat":"","ocean_post_title_bg_image_size":"","ocean_post_title_height":0,"ocean_post_title_bg_overlay":0.5,"ocean_post_title_bg_overlay_color":"","ocean_disable_breadcrumbs":"off","ocean_breadcrumbs_color":"","ocean_breadcrumbs_separator_color":"","ocean_breadcrumbs_links_color":"","ocean_breadcrumbs_links_hover_color":"","ocean_display_footer_widgets":"default","ocean_display_footer_bottom":"default","ocean_custom_footer_template":"0","footnotes":""},"class_list":["post-31","page","type-page","status-publish","hentry","entry"],"_links":{"self":[{"href":"https:\/\/issgroupfrance.com\/formationenligne\/wp-json\/wp\/v2\/pages\/31","targetHints":{"allow":["GET"]}}],"collection":[{"href":"https:\/\/issgroupfrance.com\/formationenligne\/wp-json\/wp\/v2\/pages"}],"about":[{"href":"https:\/\/issgroupfrance.com\/formationenligne\/wp-json\/wp\/v2\/types\/page"}],"author":[{"embeddable":true,"href":"https:\/\/issgroupfrance.com\/formationenligne\/wp-json\/wp\/v2\/users\/1"}],"replies":[{"embeddable":true,"href":"https:\/\/issgroupfrance.com\/formationenligne\/wp-json\/wp\/v2\/comments?post=31"}],"version-history":[{"count":2,"href":"https:\/\/issgroupfrance.com\/formationenligne\/wp-json\/wp\/v2\/pages\/31\/revisions"}],"predecessor-version":[{"id":2033,"href":"https:\/\/issgroupfrance.com\/formationenligne\/wp-json\/wp\/v2\/pages\/31\/revisions\/2033"}],"wp:attachment":[{"href":"https:\/\/issgroupfrance.com\/formationenligne\/wp-json\/wp\/v2\/media?parent=31"}],"curies":[{"name":"wp","href":"https:\/\/api.w.org\/{rel}","templated":true}]}}